{"id":644,"date":"2023-09-10T09:49:22","date_gmt":"2023-09-10T09:49:22","guid":{"rendered":"https:\/\/sleekpdr.ca\/?page_id=644"},"modified":"2025-02-24T11:37:04","modified_gmt":"2025-02-24T11:37:04","slug":"home","status":"publish","type":"page","link":"https:\/\/sleekpdr.ca\/","title":{"rendered":"PDR-TEC e&#8217; un prodotto della SleekPDR"},"content":{"rendered":"\n<h2 class=\"wp-block-heading alignwide has-text-align-left has-very-light-gray-to-cyan-bluish-gray-gradient-background has-background has-medium-font-size\" id=\"we-re-a-studio-in-berlin-with-an-international-practice-in-architecture-urban-planning-and-interior-design-we-believe-in-sharing-knowledge-and-promoting-dialogue-to-increase-the-creative-potential-of-collaboration\" style=\"line-height:1.1\"><mark style=\"background-color:rgba(0, 0, 0, 0);color:#851313\" class=\"has-inline-color\">Cosa e&#8217; la Pdr-Tec?<\/mark><\/h2>\n\n\n\n<figure class=\"wp-block-image size-large\"><img loading=\"lazy\" decoding=\"async\" width=\"1024\" height=\"258\" src=\"https:\/\/sleekpdr.ca\/wp-content\/uploads\/2024\/05\/banner-1024x258.png\" alt=\"\" class=\"wp-image-742\" srcset=\"https:\/\/sleekpdr.ca\/wp-content\/uploads\/2024\/05\/banner-1024x258.png 1024w, https:\/\/sleekpdr.ca\/wp-content\/uploads\/2024\/05\/banner-300x76.png 300w, https:\/\/sleekpdr.ca\/wp-content\/uploads\/2024\/05\/banner-768x194.png 768w, https:\/\/sleekpdr.ca\/wp-content\/uploads\/2024\/05\/banner-500x126.png 500w, https:\/\/sleekpdr.ca\/wp-content\/uploads\/2024\/05\/banner.png 1173w\" sizes=\"auto, (max-width: 1024px) 100vw, 1024px\" \/><\/figure>\n\n\n\n<p class=\"has-medium-font-size\">La PDR-TEC \u00e8 un&#8217;applicazione gestionale avanzata, progettata per ottimizzare la gestione delle riparazioni di auto danneggiate dalla grandine. Offre una serie di funzionalit\u00e0 pensate per soddisfare le esigenze di diverse tipologie di aziende, dalle grandi societ\u00e0 alle ditte individuali.<\/p>\n\n\n\n<p class=\"has-medium-font-size\" style=\"font-style:normal;font-weight:600\">Caratteristiche principali della PDR-TEC:<\/p>\n\n\n\n<li class=\"has-medium-font-size\"><b>Multilingue e multivaluta:<\/b> Supporta diverse lingue e valute, facilitando la gestione internazionale delle operazioni.<\/li>\n\n\n\n<li class=\"has-medium-font-size\"><b>Gestione simultanea di diversi attori:<\/b> Consente di coordinare contemporaneamente parchi auto, carrozzerie, concessionari, assicurazioni, tecnici, fornitori, periti, manager e smontatori, anche in assenza fisica.<\/li>\n\n\n\n<li class=\"has-medium-font-size\"><b>Configurazione personalizzata:<\/b> Offre la possibilit\u00e0 di essere configurata in modo autonomo, adattandosi alle specifiche esigenze operative.<\/li>\n\n\n\n<li class=\"has-medium-font-size\"><b>Adattabilit\u00e0 alle dimensioni aziendali:<\/b> Si adatta sia a grandi aziende che a ditte individuali, garantendo soluzioni scalabili e flessibili.<\/li>\n\n\n\n<li class=\"has-medium-font-size\"><b>Innovazione per i professionisti del PDR:<\/b> Fornisce strumenti avanzati per la gestione efficiente del lavoro dei tecnici specializzati nella rimozione dei danni da grandine.<\/li>\n\n\n\n<li class=\"has-medium-font-size\"><b>Gestione di parchi auto internazionali:<\/b> Facilita l&#8217;amministrazione di flotte automobilistiche in diverse nazioni, riducendo i costi di gestione e le trasferte.<\/li>\n\n\n\n<li class=\"has-medium-font-size\"><b>Personalizzazione e versatilit\u00e0:<\/b> Offre la possibilit\u00e0 di implementare griglie di lavoro personalizzate e variabili specifiche per ogni tipo di intervento, adattandosi alle esigenze specifiche dell&#8217;azienda.<\/li>\n\n\n\n<p><\/p>\n\n\n\n<p class=\"has-medium-font-size\">La PDR-TEC si distingue per la sua capacit\u00e0 di adattarsi a diverse dimensioni aziendali e per la sua interfaccia intuitiva, che semplifica la gestione delle operazioni quotidiane nel settore PDR. Per ulteriori informazioni o per richiedere una prova gratuita della demo, \u00e8 possibile contattare l&#8217;azienda all&#8217;indirizzo email <b>info@sleekpdr.ca<\/b><\/p>\n\n\n\n<hr class=\"wp-block-separator has-alpha-channel-opacity\"\/>\n\n\n\n<h2 class=\"wp-block-heading alignwide has-text-align-left has-very-light-gray-to-cyan-bluish-gray-gradient-background has-background has-medium-font-size\" id=\"we-re-a-studio-in-berlin-with-an-international-practice-in-architecture-urban-planning-and-interior-design-we-believe-in-sharing-knowledge-and-promoting-dialogue-to-increase-the-creative-potential-of-collaboration\" style=\"line-height:1.1\"><mark style=\"background-color:rgba(0, 0, 0, 0);color:#851313\" class=\"has-inline-color\">Perche&#8217; conviene la Pdr-Tec?<\/mark><\/h2>\n\n\n\n<figure class=\"wp-block-image size-large\"><img loading=\"lazy\" decoding=\"async\" width=\"1024\" height=\"258\" src=\"https:\/\/sleekpdr.ca\/wp-content\/uploads\/2025\/02\/banner2-1024x258.png\" alt=\"\" class=\"wp-image-882\" srcset=\"https:\/\/sleekpdr.ca\/wp-content\/uploads\/2025\/02\/banner2-1024x258.png 1024w, https:\/\/sleekpdr.ca\/wp-content\/uploads\/2025\/02\/banner2-300x76.png 300w, https:\/\/sleekpdr.ca\/wp-content\/uploads\/2025\/02\/banner2-768x194.png 768w, https:\/\/sleekpdr.ca\/wp-content\/uploads\/2025\/02\/banner2-500x126.png 500w, https:\/\/sleekpdr.ca\/wp-content\/uploads\/2025\/02\/banner2.png 1173w\" sizes=\"auto, (max-width: 1024px) 100vw, 1024px\" \/><\/figure>\n\n\n\n<p class=\"has-medium-font-size\">La PDR-TEC \u00e8 un&#8217;applicazione web basata su cloud progettata per ottimizzare la gestione delle operazioni nel settore della riparazione senza vernice (PDR). Offre numerosi vantaggi che possono trasformare il modo in cui gestisci la tua attivit\u00e0.<\/p>\n\n\n\n<p class=\"has-medium-font-size\" style=\"font-style:normal;font-weight:600\">Perch\u00e9 scegliere la PDR-TEC?<\/p>\n\n\n\n<li class=\"has-medium-font-size\"><b>Aggiornamenti in tempo reale e accesso remoto:<\/b> Essendo basata su cloud, la PDR-TEC garantisce aggiornamenti istantanei e accesso da qualsiasi luogo, consentendoti di monitorare e gestire le operazioni in tempo reale. \n<\/li>\n\n\n\n<li class=\"has-medium-font-size\"><b>Gestione semplificata dei flussi di lavoro:<\/b> L&#8217;applicazione permette di gestire facilmente i flussi di lavoro, riducendo la necessit\u00e0 di comunicazioni frequenti tra sede e tecnici. I tecnici possono visualizzare in tempo reale i dettagli dei veicoli, inclusi preventivi precedenti e danni, riducendo gli errori e aumentando l&#8217;efficienza. \n<\/li>\n\n\n\n<li class=\"has-medium-font-size\"><b>Riduzione dei costi operativi:<\/b> Eliminando la necessit\u00e0 di segretarie e contabili in sede, la PDR-TEC contribuisce a ridurre i costi operativi. Inoltre, la gestione centralizzata dei dati e dei processi consente di risparmiare tempo e risorse.  \n<\/li>\n\n\n\n<li class=\"has-medium-font-size\"><b>Personalizzazione e versatilit\u00e0:<\/b> La PDR-TEC \u00e8 altamente personalizzabile, adattandosi alle specifiche esigenze della tua azienda. Offre la possibilit\u00e0 di implementare griglie di lavoro personalizzate e variabili specifiche per ogni tipo di intervento.  \n<\/li>\n\n\n\n<li class=\"has-medium-font-size\"><b>Gestione internazionale semplificata:<\/b> Se la tua azienda opera a livello internazionale, la PDR-TEC facilita la gestione di parchi auto in diverse nazioni, consentendo di emettere fatture in diverse valute e monitorare le operazioni da un&#8217;unica piattaforma. \n<\/li>\n\n\n\n<li class=\"has-medium-font-size\"><b>Aggiornamenti e manutenzione inclusi:<\/b> La PDR-TEC offre aggiornamenti e manutenzione inclusi nel prezzo, garantendo che l&#8217;applicazione sia sempre aggiornata e funzionante senza costi aggiuntivi.\n<\/li>\n\n\n\n<p><\/p>\n\n\n\n<p class=\"has-medium-font-size\">In sintesi, la PDR-TEC rappresenta una soluzione completa e conveniente per le aziende nel settore PDR, offrendo strumenti avanzati per la gestione efficiente delle operazioni quotidiane. Per ulteriori informazioni o per richiedere una prova gratuita della demo, \u00e8 possibile contattare l&#8217;azienda all&#8217;indirizzo email <b>info@sleekpdr.ca<\/b><\/p>\n\n\n\n<hr class=\"wp-block-separator has-alpha-channel-opacity\"\/>\n\n\n\n<h2 class=\"wp-block-heading alignwide has-text-align-left has-very-light-gray-to-cyan-bluish-gray-gradient-background has-background has-medium-font-size\" id=\"we-re-a-studio-in-berlin-with-an-international-practice-in-architecture-urban-planning-and-interior-design-we-believe-in-sharing-knowledge-and-promoting-dialogue-to-increase-the-creative-potential-of-collaboration\" style=\"line-height:1.1\"><mark style=\"background-color:rgba(0, 0, 0, 0);color:#851313\" class=\"has-inline-color\">I pacchetti della PDR-TEC<\/mark><\/h2>\n\n\n\n<figure class=\"wp-block-image size-large\"><img loading=\"lazy\" decoding=\"async\" width=\"1024\" height=\"258\" src=\"https:\/\/sleekpdr.ca\/wp-content\/uploads\/2025\/02\/banner3-1-1024x258.png\" alt=\"\" class=\"wp-image-937\" srcset=\"https:\/\/sleekpdr.ca\/wp-content\/uploads\/2025\/02\/banner3-1-1024x258.png 1024w, https:\/\/sleekpdr.ca\/wp-content\/uploads\/2025\/02\/banner3-1-300x76.png 300w, https:\/\/sleekpdr.ca\/wp-content\/uploads\/2025\/02\/banner3-1-768x194.png 768w, https:\/\/sleekpdr.ca\/wp-content\/uploads\/2025\/02\/banner3-1-500x126.png 500w, https:\/\/sleekpdr.ca\/wp-content\/uploads\/2025\/02\/banner3-1.png 1173w\" sizes=\"auto, (max-width: 1024px) 100vw, 1024px\" \/><\/figure>\n\n\n\n<p class=\"has-medium-font-size\">I pacchetti offerti da PDR-Tec nel 2025 sono progettati per soddisfare le diverse esigenze delle aziende nel settore PDR.<\/p>\n\n\n\n<p class=\"has-medium-font-size\" style=\"font-style:normal;font-weight:600\">I pacchetti della PDR-TEC:<\/p>\n\n\n\n<p class=\"has-medium-font-size\"><strong>Individual Light (1):<\/strong> Un pacchetto di servizi con layout pagina personalizzato, inclusivo del proprio logo. Consente la creazione di clienti, fornitori, progetti, preventivi, riparazioni e stampe, utilizzando una griglia propria.<\/p>\n\n\n\n<p class=\"has-medium-font-size\"><strong>Individuale (1):<\/strong> Adatto a ditte individuali o a chi collabora con altre aziende. Include il proprio logo, configurazione, accesso alla banca dati, preventivi, riparazioni, report e la creazione di dossier per clienti e fornitori.<\/p>\n\n\n\n<p class=\"has-medium-font-size\"><strong>Familiare (2):<\/strong> Basato sul pacchetto Individuale, permette la gestione da parte di due amministratori contemporaneamente.<\/p>\n\n\n\n<p class=\"has-medium-font-size\"><strong>Familiare Extended (2+2):<\/strong> Estensione del pacchetto Familiare, include un&#8217;interfaccia tecnica per la gestione delle attivit\u00e0 dei tecnici. Consente la creazione di due o pi\u00f9 tecnici lavoratori (non amministratori).<\/p>\n\n\n\n<p class=\"has-medium-font-size\"><strong>Pacchetto Business (4):<\/strong> Destinato a team con quattro amministratori, offre oltre alle funzionalit\u00e0 del pacchetto base.<\/p>\n\n\n\n<p class=\"has-medium-font-size\"><strong>Pacchetto Business Esteso (4+4):<\/strong> Un&#8217;offerta che integra l&#8217;interfaccia tecnica al pacchetto business standard, che include 4 tecnici lavoratori.<\/p>\n\n\n\n<p class=\"has-medium-font-size\"><strong>Pacchetto Personalizzato:<\/strong> Pensato per aziende pi\u00f9 strutturate con esigenze specifiche e richiede flessibilit\u00e0. Questo pacchetto pu\u00f2 essere personalizzato a tutti i livelli, dall&#8217;organizzazione al post-produzione, con il personale desiderato.<\/p>\n\n\n\n<p class=\"has-medium-font-size\" style=\"font-style:italic;font-weight:500\">\u00c8 importante notare che in tutti i pacchetti si pu\u00f2 includere uno o pi\u00f9 tecnici\/smontatori su richiesta (escludendo amministratori, contabili o manager), anche a tempo limitato.<\/p>\n\n\n\n<hr class=\"wp-block-separator has-alpha-channel-opacity\"\/>\n\n\n\n<p class=\"has-medium-font-size\" style=\"font-style:normal;font-weight:500;text-decoration:underline\"><\/p>\n\n\n\n<h2 class=\"wp-block-heading has-medium-font-size\">SERVIZI AGGIUNTIVI<\/h2>\n\n\n\n<p class=\"has-medium-font-size\"><strong>Griglia Lavoro<\/strong>: \u00e8 previsto un costo una per ogni griglia richiesta.<\/p>\n\n\n\n<p class=\"has-medium-font-size\"><strong>Tecnico Extra<\/strong>: \u00e8 possibile &#8220;assumere&#8221; un tecnico e &#8220;congelare&#8221; temporaneamente la sua posizione previo avviso. Il pagamento pu\u00f2 avvenire anche tramite PayPal. Se il tecnico dispone gi\u00e0 della propria app, il suo costo \u00e8 di \u20ac0,00.<\/p>\n\n\n\n<p class=\"has-medium-font-size\"><strong>Utente Pro<\/strong>: destinato a figure come carrozzieri, periti o assicuratori\/liquidatori, a cui viene creato un accesso con profilo personalizzato. Questi utenti visualizzeranno solo i campi di loro interesse. Le loro posizioni possono essere &#8220;congelate&#8221; e pagate anche mensilmente.<\/p>\n\n\n\n<p class=\"has-medium-font-size\"><strong>Moduli Aggiuntivi<\/strong>:<\/p>\n\n\n\n<ul class=\"wp-block-list\">\n<li class=\"has-medium-font-size\"><strong>Flusso Sinistri (da assicurazione) ad auto gestita<\/strong><\/li>\n\n\n\n<li class=\"has-medium-font-size\"><strong>Flusso Scanner<\/strong>: funzione di interfaccia con scanner, se consentito dall&#8217;utente dello scanner.<\/li>\n\n\n\n<li class=\"has-medium-font-size\"><strong>Flusso Gestione Flotte o Grandi Parchi<\/strong>: comprende flusso e auto gestita.<\/li>\n\n\n\n<li class=\"has-medium-font-size\"><strong>Geolocalizzazione<\/strong><\/li>\n\n\n\n<li class=\"has-medium-font-size\"><strong>Report Grafici Dettagliati<\/strong><\/li>\n\n\n\n<li class=\"has-medium-font-size\"><strong>Lettore Targa<\/strong>: attualmente in fase di test.<\/li>\n\n\n\n<li class=\"has-medium-font-size\"><strong>Fatturazione Elettronica<\/strong><\/li>\n<\/ul>\n\n\n\n<p><\/p>\n","protected":false},"excerpt":{"rendered":"<p>Cosa e&#8217; la Pdr-Tec? La PDR-TEC \u00e8 un&#8217;applicazione gestionale avanzata, progettata per ottimizzare la gestione delle riparazioni di auto danneggiate dalla grandine. Offre una serie di funzionalit\u00e0 pensate per soddisfare le esigenze di diverse tipologie di aziende, dalle grandi societ\u00e0 &hellip; <a href=\"https:\/\/sleekpdr.ca\/\">Continua a leggere<span class=\"meta-nav\">&rarr;<\/span><\/a><\/p>\n","protected":false},"author":3,"featured_media":0,"parent":0,"menu_order":0,"comment_status":"closed","ping_status":"closed","template":"","meta":{"footnotes":""},"class_list":["post-644","page","type-page","status-publish","hentry"],"_links":{"self":[{"href":"https:\/\/sleekpdr.ca\/index.php?rest_route=\/wp\/v2\/pages\/644","targetHints":{"allow":["GET"]}}],"collection":[{"href":"https:\/\/sleekpdr.ca\/index.php?rest_route=\/wp\/v2\/pages"}],"about":[{"href":"https:\/\/sleekpdr.ca\/index.php?rest_route=\/wp\/v2\/types\/page"}],"author":[{"embeddable":true,"href":"https:\/\/sleekpdr.ca\/index.php?rest_route=\/wp\/v2\/users\/3"}],"replies":[{"embeddable":true,"href":"https:\/\/sleekpdr.ca\/index.php?rest_route=%2Fwp%2Fv2%2Fcomments&post=644"}],"version-history":[{"count":106,"href":"https:\/\/sleekpdr.ca\/index.php?rest_route=\/wp\/v2\/pages\/644\/revisions"}],"predecessor-version":[{"id":959,"href":"https:\/\/sleekpdr.ca\/index.php?rest_route=\/wp\/v2\/pages\/644\/revisions\/959"}],"wp:attachment":[{"href":"https:\/\/sleekpdr.ca\/index.php?rest_route=%2Fwp%2Fv2%2Fmedia&parent=644"}],"curies":[{"name":"wp","href":"https:\/\/api.w.org\/{rel}","templated":true}]}}