{"id":960,"date":"2025-02-24T11:39:38","date_gmt":"2025-02-24T11:39:38","guid":{"rendered":"https:\/\/sleekpdr.ca\/?page_id=960"},"modified":"2025-03-03T21:32:30","modified_gmt":"2025-03-03T21:32:30","slug":"was-ist-pdr-tec","status":"publish","type":"page","link":"https:\/\/sleekpdr.ca\/?page_id=960&lang=de","title":{"rendered":"Was ist Pdr-Tec?"},"content":{"rendered":"\n<h2 class=\"wp-block-heading alignwide has-text-align-left has-very-light-gray-to-cyan-bluish-gray-gradient-background has-background has-medium-font-size\" id=\"we-re-a-studio-in-berlin-with-an-international-practice-in-architecture-urban-planning-and-interior-design-we-believe-in-sharing-knowledge-and-promoting-dialogue-to-increase-the-creative-potential-of-collaboration\" style=\"line-height:1.1\"><mark style=\"background-color:rgba(0, 0, 0, 0);color:#851313\" class=\"has-inline-color\">Was ist Pdr-Tec?<\/mark><\/h2>\n\n\n\n<figure class=\"wp-block-image size-large\"><img loading=\"lazy\" decoding=\"async\" width=\"1024\" height=\"258\" src=\"https:\/\/sleekpdr.ca\/wp-content\/uploads\/2024\/05\/banner-1024x258.png\" alt=\"\" class=\"wp-image-742\" srcset=\"https:\/\/sleekpdr.ca\/wp-content\/uploads\/2024\/05\/banner-1024x258.png 1024w, https:\/\/sleekpdr.ca\/wp-content\/uploads\/2024\/05\/banner-300x76.png 300w, https:\/\/sleekpdr.ca\/wp-content\/uploads\/2024\/05\/banner-768x194.png 768w, https:\/\/sleekpdr.ca\/wp-content\/uploads\/2024\/05\/banner-500x126.png 500w, https:\/\/sleekpdr.ca\/wp-content\/uploads\/2024\/05\/banner.png 1173w\" sizes=\"auto, (max-width: 1024px) 100vw, 1024px\" \/><\/figure>\n\n\n\n<p class=\"has-medium-font-size\">PDR-TEC ist eine fortschrittliche Verwaltungsanwendung zur Optimierung der Verwaltung von Hagelschadenreparaturen. Sie bietet eine Reihe von Funktionen, die auf die Bed\u00fcrfnisse verschiedener Unternehmenstypen zugeschnitten sind, von gro\u00dfen Unternehmen bis hin zu Einzelunternehmern.<\/p>\n\n\n\n<p class=\"has-medium-font-size\" style=\"font-style:normal;font-weight:600\">Hauptmerkmale von PDR-TEC:<\/p>\n\n\n\n<li class=\"has-medium-font-size\"><b>Mehrsprachig und mehrw\u00e4hrungsf\u00e4hig:<\/b> Es unterst\u00fctzt mehrere Sprachen und W\u00e4hrungen und erleichtert so die Verwaltung internationaler Transaktionen.<\/li>\n\n\n\n<li class=\"has-medium-font-size\"><b>Gleichzeitige Verwaltung von mehreren Akteuren:<\/b> Es erm\u00f6glicht die gleichzeitige Koordinierung von Fahrzeugflotten, Karosseriewerkst\u00e4tten, H\u00e4ndlern, Versicherungsgesellschaften, Technikern, Lieferanten, Gutachtern, Managern und Demontagebetrieben, selbst bei deren physischer Abwesenheit.<\/li>\n\n\n\n<li class=\"has-medium-font-size\"><b>Ma\u00dfgeschneiderte Konfiguration:<\/b> Es bietet die M\u00f6glichkeit, autonom konfiguriert zu werden, um sich an spezifische betriebliche Anforderungen anzupassen.<\/li>\n\n\n\n<li class=\"has-medium-font-size\"><b>Anpassungsf\u00e4higkeit an die Unternehmensgr\u00f6\u00dfe:<\/b> Es eignet sich sowohl f\u00fcr gro\u00dfe Unternehmen als auch f\u00fcr Einzelunternehmer und bietet skalierbare und flexible L\u00f6sungen.<\/li>\n\n\n\n<li class=\"has-medium-font-size\"><b>Innovation f\u00fcr PDR-Fachleute:<\/b> Es bietet fortschrittliche Werkzeuge f\u00fcr ein effizientes Arbeitsmanagement von Hagelschadenbeseitigungs-Technikern.<\/li>\n\n\n\n<li class=\"has-medium-font-size\"><b>Internationales Flottenmanagement:<\/b> Es erleichtert die Verwaltung von Fahrzeugflotten in verschiedenen L\u00e4ndern und reduziert die Verwaltungskosten und den Reiseaufwand.<\/li>\n\n\n\n<li class=\"has-medium-font-size\"><b>Personalisierung und Vielseitigkeit:<\/b> Es bietet die M\u00f6glichkeit, f\u00fcr jede Art von Intervention ma\u00dfgeschneiderte Arbeitsraster und spezifische Variablen zu implementieren, die sich an die spezifischen Bed\u00fcrfnisse des Unternehmens anpassen.<\/li>\n\n\n\n<p><\/p>\n\n\n\n<p class=\"has-medium-font-size\">PDR-TEC zeichnet sich durch seine Anpassungsf\u00e4higkeit an unterschiedliche Unternehmensgr\u00f6\u00dfen und seine intuitive Benutzeroberfl\u00e4che aus, die die Verwaltung des t\u00e4glichen PDR-Betriebs vereinfacht. F\u00fcr weitere Informationen oder um eine kostenlose Testversion anzufordern, kontaktieren Sie bitte das Unternehmen unter <b>info@sleekpdr.ca<\/b><\/p>\n\n\n\n<hr class=\"wp-block-separator has-alpha-channel-opacity\"\/>\n\n\n\n<h2 class=\"wp-block-heading alignwide has-text-align-left has-very-light-gray-to-cyan-bluish-gray-gradient-background has-background has-medium-font-size\" id=\"we-re-a-studio-in-berlin-with-an-international-practice-in-architecture-urban-planning-and-interior-design-we-believe-in-sharing-knowledge-and-promoting-dialogue-to-increase-the-creative-potential-of-collaboration\" style=\"line-height:1.1\"><mark style=\"background-color:rgba(0, 0, 0, 0);color:#851313\" class=\"has-inline-color\">Warum lohnt sich Pdr-Tec?<\/mark><\/h2>\n\n\n\n<figure class=\"wp-block-image size-large\"><img loading=\"lazy\" decoding=\"async\" width=\"1024\" height=\"258\" src=\"https:\/\/sleekpdr.ca\/wp-content\/uploads\/2025\/02\/banner2-1024x258.png\" alt=\"\" class=\"wp-image-882\" srcset=\"https:\/\/sleekpdr.ca\/wp-content\/uploads\/2025\/02\/banner2-1024x258.png 1024w, https:\/\/sleekpdr.ca\/wp-content\/uploads\/2025\/02\/banner2-300x76.png 300w, https:\/\/sleekpdr.ca\/wp-content\/uploads\/2025\/02\/banner2-768x194.png 768w, https:\/\/sleekpdr.ca\/wp-content\/uploads\/2025\/02\/banner2-500x126.png 500w, https:\/\/sleekpdr.ca\/wp-content\/uploads\/2025\/02\/banner2.png 1173w\" sizes=\"auto, (max-width: 1024px) 100vw, 1024px\" \/><\/figure>\n\n\n\n<p class=\"has-medium-font-size\">PDR-TEC ist eine cloudbasierte Webanwendung zur Optimierung des Betriebsmanagements im Bereich der lackierfreien Reparatur (PDR). Sie bietet zahlreiche Vorteile, die die Art und Weise, wie Sie Ihr Gesch\u00e4ft f\u00fchren, ver\u00e4ndern k\u00f6nnen.<\/p>\n\n\n\n<p class=\"has-medium-font-size\" style=\"font-style:normal;font-weight:600\">Warum PDR-TEC w\u00e4hlen?<\/p>\n\n\n\n<li class=\"has-medium-font-size\"><b>Aktualisierungen in Echtzeit und Fernzugriff:<\/b> Da PDR-TEC cloudbasiert ist, gew\u00e4hrleistet es sofortige Aktualisierungen und Zugriff von jedem Ort aus, so dass Sie den Betrieb in Echtzeit \u00fcberwachen und verwalten k\u00f6nnen.<\/li>\n\n\n\n<li class=\"has-medium-font-size\"><b>Vereinfachtes Workflow-Management:<\/b> Die Anwendung erleichtert die Verwaltung von Arbeitsabl\u00e4ufen und reduziert die Notwendigkeit einer h\u00e4ufigen Kommunikation zwischen der Zentrale und den Technikern. Techniker k\u00f6nnen Fahrzeugdetails in Echtzeit einsehen, einschlie\u00dflich fr\u00fcherer Kostenvoranschl\u00e4ge und Sch\u00e4den, wodurch Fehler reduziert und die Effizienz gesteigert werden.<\/li>\n\n\n\n<li class=\"has-medium-font-size\"><b>Senkung der Betriebskosten:<\/b> Durch den Wegfall von Sekret\u00e4rinnen und Buchhaltern vor Ort tr\u00e4gt PDR-TEC zur Senkung der Betriebskosten bei. Dar\u00fcber hinaus spart das zentralisierte Daten- und Prozessmanagement Zeit und Ressourcen.<\/li>\n\n\n\n<li class=\"has-medium-font-size\"><b>Personalisierung und Vielseitigkeit:<\/b> PDR-TEC ist in hohem Ma\u00dfe anpassungsf\u00e4hig und passt sich den spezifischen Bed\u00fcrfnissen Ihres Unternehmens an. Es bietet die M\u00f6glichkeit, ma\u00dfgeschneiderte Arbeitsraster und spezifische Variablen f\u00fcr jede Art von Eingriff zu implementieren.<\/li>\n\n\n\n<li class=\"has-medium-font-size\"><b>Vereinfachte internationale Verwaltung:<\/b> Wenn Ihr Unternehmen international t\u00e4tig ist, erleichtert PDR-TEC die Verwaltung von Fuhrparks in verschiedenen L\u00e4ndern, indem es Ihnen erm\u00f6glicht, Rechnungen in verschiedenen W\u00e4hrungen auszustellen und den Betrieb von einer einzigen Plattform aus zu \u00fcberwachen.<\/li>\n\n\n\n<li class=\"has-medium-font-size\"><b>Updates und Wartung inklusive:<\/b> PDR-TEC bietet im Preis inbegriffene Updates und Wartung, so dass die Anwendung ohne zus\u00e4tzliche Kosten immer auf dem neuesten Stand ist und funktioniert.<\/li>\n\n\n\n<p><\/p>\n\n\n\n<p class=\"has-medium-font-size\">Zusammenfassend l\u00e4sst sich sagen, dass PDR-TEC eine umfassende und kosteneffiziente L\u00f6sung f\u00fcr Unternehmen im PDR-Sektor ist, die fortschrittliche Werkzeuge f\u00fcr die effiziente Verwaltung des Tagesgesch\u00e4fts bietet. F\u00fcr weitere Informationen oder um eine kostenlose Testversion anzufordern, kontaktieren Sie bitte das Unternehmen unter <b>info@sleekpdr.ca<\/b><\/p>\n\n\n\n<hr class=\"wp-block-separator has-alpha-channel-opacity\"\/>\n\n\n\n<h2 class=\"wp-block-heading alignwide has-text-align-left has-very-light-gray-to-cyan-bluish-gray-gradient-background has-background has-medium-font-size\" id=\"we-re-a-studio-in-berlin-with-an-international-practice-in-architecture-urban-planning-and-interior-design-we-believe-in-sharing-knowledge-and-promoting-dialogue-to-increase-the-creative-potential-of-collaboration\" style=\"line-height:1.1\"><mark style=\"background-color:rgba(0, 0, 0, 0);color:#851313\" class=\"has-inline-color\">PDR-TEC-Pakete<\/mark><\/h2>\n\n\n\n<figure class=\"wp-block-image size-large\"><img loading=\"lazy\" decoding=\"async\" width=\"1024\" height=\"258\" src=\"https:\/\/sleekpdr.ca\/wp-content\/uploads\/2025\/02\/banner3-1-1024x258.png\" alt=\"\" class=\"wp-image-937\" srcset=\"https:\/\/sleekpdr.ca\/wp-content\/uploads\/2025\/02\/banner3-1-1024x258.png 1024w, https:\/\/sleekpdr.ca\/wp-content\/uploads\/2025\/02\/banner3-1-300x76.png 300w, https:\/\/sleekpdr.ca\/wp-content\/uploads\/2025\/02\/banner3-1-768x194.png 768w, https:\/\/sleekpdr.ca\/wp-content\/uploads\/2025\/02\/banner3-1-500x126.png 500w, https:\/\/sleekpdr.ca\/wp-content\/uploads\/2025\/02\/banner3-1.png 1173w\" sizes=\"auto, (max-width: 1024px) 100vw, 1024px\" \/><\/figure>\n\n\n\n<p class=\"has-medium-font-size\">Die von PDR-Tec im Jahr 2025 angebotenen Pakete sind auf die unterschiedlichen Bed\u00fcrfnisse der Unternehmen im PDR-Sektor abgestimmt.<\/p>\n\n\n\n<p class=\"has-medium-font-size\" style=\"font-style:normal;font-weight:600\">Die PDR-TEC-Pakete:<\/p>\n\n\n\n<p class=\"has-medium-font-size\"><strong>Einzelne Light (1):<\/strong> Ein Servicepaket mit individuellem Seitenlayout, einschlie\u00dflich Ihres eigenen Logos. Es erm\u00f6glicht die Erstellung von Kunden, Lieferanten, Projekten, Kostenvoranschl\u00e4gen, Reparaturen und Ausdrucken unter Verwendung eines eigenen Rasters.<\/p>\n\n\n\n<p class=\"has-medium-font-size\"><strong>Einzelne (1):<\/strong> Geeignet f\u00fcr Einzelunternehmer oder solche, die mit anderen Unternehmen zusammenarbeiten. Beinhaltet Ihr eigenes Logo, Konfiguration, Datenbankzugang, Angebote, Reparaturen, Berichte und die Erstellung von Dossiers f\u00fcr Kunden und Lieferanten.<\/p>\n\n\n\n<p class=\"has-medium-font-size\"><strong>Familie (2):<\/strong> Basierend auf dem Individual-Paket erm\u00f6glicht es die Verwaltung durch zwei Administratoren zur gleichen Zeit.<\/p>\n\n\n\n<p class=\"has-medium-font-size\"><strong>Erweiterte Familie (2+2):<\/strong> Als Erweiterung des Pakets Familiar enth\u00e4lt es eine technische Schnittstelle f\u00fcr die Verwaltung von Technikeraktivit\u00e4ten. Es erm\u00f6glicht die Einrichtung von zwei oder mehr Technikern (Nicht-Administratoren).<\/p>\n\n\n\n<p class=\"has-medium-font-size\"><strong>Business-Paket (4):<\/strong> Es richtet sich an Teams mit vier Administratoren und bietet zus\u00e4tzlich zu den Funktionen des Basispakets.<\/p>\n\n\n\n<p class=\"has-medium-font-size\"><strong>Erweiterte Business-Paket (4+4):<\/strong> Ein Angebot, das die technische Schnittstelle zum Standardpaket f\u00fcr Unternehmen erg\u00e4nzt, das 4 technische Mitarbeiter umfasst.<\/p>\n\n\n\n<p class=\"has-medium-font-size\"><strong>Customized Paket:<\/strong> Konzipiert f\u00fcr st\u00e4rker strukturierte Unternehmen mit spezifischen Bed\u00fcrfnissen und Anforderungen an die Flexibilit\u00e4t. Dieses Paket kann auf allen Ebenen, von der Organisation bis zur Postproduktion, mit dem gew\u00fcnschten Personal angepasst werden.<\/p>\n\n\n\n<p class=\"has-medium-font-size\" style=\"font-style:italic;font-weight:500\">Es sei darauf hingewiesen, dass alle Pakete auf Wunsch einen oder mehrere Techniker\/Techniker enthalten k\u00f6nnen (mit Ausnahme von Verwaltern, Buchhaltern oder Managern), auch auf zeitlich begrenzter Basis.<\/p>\n\n\n\n<hr class=\"wp-block-separator has-alpha-channel-opacity\"\/>\n\n\n\n<p class=\"has-medium-font-size\" style=\"font-style:normal;font-weight:500;text-decoration:underline\"><\/p>\n\n\n\n<h2 class=\"wp-block-heading has-medium-font-size\">ZUS\u00c4TZLICHE DIENSTLEISTUNGEN<\/h2>\n\n\n\n<p class=\"has-medium-font-size\"><strong>Rasterarbeit<\/strong>: f\u00fcr jedes angeforderte Netz wird eine einmalige Geb\u00fchr erhoben.<\/p>\n\n\n\n<p class=\"has-medium-font-size\"><strong>Extra Techniker<\/strong>: ist es m\u00f6glich, einen Techniker \u201eeinzustellen\u201c und seine Stelle vor\u00fcbergehend \u201eeinzufrieren\u201c, wenn er gek\u00fcndigt wird. Die Zahlung kann auch \u00fcber PayPal erfolgen. Wenn der Techniker bereits eine eigene App PDR-Tec hat, kostet sie 0,00 \u20ac.<\/p>\n\n\n\n<p class=\"has-medium-font-size\"><strong>Profi-Benutzer<\/strong>: f\u00fcr Personen wie Karosseriewerkst\u00e4tten, Gutachter oder Versicherer\/Liquidatoren, f\u00fcr die ein individueller Profilzugang erstellt wird. Diese Nutzer sehen nur die Felder, an denen sie interessiert sind. Ihre Positionen k\u00f6nnen auch \u201eeingefroren\u201c werden und werden monatlich bezahlt.<\/p>\n\n\n\n<p class=\"has-medium-font-size\"><strong>Zus\u00e4tzliche Module<\/strong>:<\/p>\n\n\n\n<ul class=\"wp-block-list\">\n<li class=\"has-medium-font-size\"><strong>Schadenfluss (von der Versicherung) zum verwalteten Fahrzeug<\/strong><\/li>\n\n\n\n<li class=\"has-medium-font-size\"><strong>Scanner Fluss<\/strong>: Funktion der Scannerschnittstelle, wenn der Benutzer des Scanners dies erlaubt.<\/li>\n\n\n\n<li class=\"has-medium-font-size\"><strong>Fuhrparkmanagement Fluss oder gro\u00dfe Parks<\/strong>: beinhaltet Flow und Selbstmanagement.<\/li>\n\n\n\n<li class=\"has-medium-font-size\"><strong>Geolokalisierung<\/strong><\/li>\n\n\n\n<li class=\"has-medium-font-size\"><strong>Detaillierte grafische Berichte<\/strong><\/li>\n\n\n\n<li class=\"has-medium-font-size\"><strong>Targa-Leser<\/strong>: befindet sich derzeit in der Testphase.<\/li>\n\n\n\n<li class=\"has-medium-font-size\"><strong>Elektronische Rechnungsstellung<\/strong><\/li>\n<\/ul>\n\n\n\n<p><\/p>\n","protected":false},"excerpt":{"rendered":"<p>Was ist Pdr-Tec? PDR-TEC ist eine fortschrittliche Verwaltungsanwendung zur Optimierung der Verwaltung von Hagelschadenreparaturen. Sie bietet eine Reihe von Funktionen, die auf die Bed\u00fcrfnisse verschiedener Unternehmenstypen zugeschnitten sind, von gro\u00dfen Unternehmen bis hin zu Einzelunternehmern. Hauptmerkmale von PDR-TEC: PDR-TEC zeichnet &hellip; <a href=\"https:\/\/sleekpdr.ca\/?page_id=960&#038;lang=de\">Continua a leggere<span class=\"meta-nav\">&rarr;<\/span><\/a><\/p>\n","protected":false},"author":3,"featured_media":0,"parent":0,"menu_order":0,"comment_status":"closed","ping_status":"closed","template":"","meta":{"footnotes":""},"class_list":["post-960","page","type-page","status-publish","hentry"],"_links":{"self":[{"href":"https:\/\/sleekpdr.ca\/index.php?rest_route=\/wp\/v2\/pages\/960","targetHints":{"allow":["GET"]}}],"collection":[{"href":"https:\/\/sleekpdr.ca\/index.php?rest_route=\/wp\/v2\/pages"}],"about":[{"href":"https:\/\/sleekpdr.ca\/index.php?rest_route=\/wp\/v2\/types\/page"}],"author":[{"embeddable":true,"href":"https:\/\/sleekpdr.ca\/index.php?rest_route=\/wp\/v2\/users\/3"}],"replies":[{"embeddable":true,"href":"https:\/\/sleekpdr.ca\/index.php?rest_route=%2Fwp%2Fv2%2Fcomments&post=960"}],"version-history":[{"count":6,"href":"https:\/\/sleekpdr.ca\/index.php?rest_route=\/wp\/v2\/pages\/960\/revisions"}],"predecessor-version":[{"id":1008,"href":"https:\/\/sleekpdr.ca\/index.php?rest_route=\/wp\/v2\/pages\/960\/revisions\/1008"}],"wp:attachment":[{"href":"https:\/\/sleekpdr.ca\/index.php?rest_route=%2Fwp%2Fv2%2Fmedia&parent=960"}],"curies":[{"name":"wp","href":"https:\/\/api.w.org\/{rel}","templated":true}]}}