{"id":971,"date":"2025-02-24T12:17:41","date_gmt":"2025-02-24T12:17:41","guid":{"rendered":"https:\/\/sleekpdr.ca\/?page_id=971"},"modified":"2025-03-03T21:25:47","modified_gmt":"2025-03-03T21:25:47","slug":"971-2","status":"publish","type":"page","link":"https:\/\/sleekpdr.ca\/?page_id=971&lang=es","title":{"rendered":""},"content":{"rendered":"\n<h2 class=\"wp-block-heading alignwide has-text-align-left has-very-light-gray-to-cyan-bluish-gray-gradient-background has-background has-medium-font-size\" id=\"we-re-a-studio-in-berlin-with-an-international-practice-in-architecture-urban-planning-and-interior-design-we-believe-in-sharing-knowledge-and-promoting-dialogue-to-increase-the-creative-potential-of-collaboration\" style=\"line-height:1.1\"><mark style=\"background-color:rgba(0, 0, 0, 0);color:#851313\" class=\"has-inline-color\">Qu\u00e9 es Pdr-Tec?<\/mark><\/h2>\n\n\n\n<figure class=\"wp-block-image size-large\"><img loading=\"lazy\" decoding=\"async\" width=\"1024\" height=\"258\" src=\"https:\/\/sleekpdr.ca\/wp-content\/uploads\/2024\/05\/banner-1024x258.png\" alt=\"\" class=\"wp-image-742\" srcset=\"https:\/\/sleekpdr.ca\/wp-content\/uploads\/2024\/05\/banner-1024x258.png 1024w, https:\/\/sleekpdr.ca\/wp-content\/uploads\/2024\/05\/banner-300x76.png 300w, https:\/\/sleekpdr.ca\/wp-content\/uploads\/2024\/05\/banner-768x194.png 768w, https:\/\/sleekpdr.ca\/wp-content\/uploads\/2024\/05\/banner-500x126.png 500w, https:\/\/sleekpdr.ca\/wp-content\/uploads\/2024\/05\/banner.png 1173w\" sizes=\"auto, (max-width: 1024px) 100vw, 1024px\" \/><\/figure>\n\n\n\n<p class=\"has-medium-font-size\">PDR-TEC es una aplicaci\u00f3n de gesti\u00f3n avanzada dise\u00f1ada para optimizar la gesti\u00f3n de las reparaciones de autom\u00f3viles da\u00f1ados por el granizo. Ofrece una serie de funcionalidades dise\u00f1adas para satisfacer las necesidades de distintos tipos de empresas, desde grandes corporaciones hasta empresas unipersonales.<\/p>\n\n\n\n<p class=\"has-medium-font-size\" style=\"font-style:normal;font-weight:600\">Principales caracter\u00edsticas de PDR-TEC:<\/p>\n\n\n\n<li class=\"has-medium-font-size\"><b>Pluriling\u00fce y multidivisa:<\/b> Admite varios idiomas y divisas, lo que facilita la gesti\u00f3n de transacciones internacionales.<\/li>\n\n\n\n<li class=\"has-medium-font-size\"><b>Gesti\u00f3n simult\u00e1nea de varios agentes:<\/b> Permite la coordinaci\u00f3n simult\u00e1nea de flotas de autom\u00f3viles, talleres de chapa y pintura, concesionarios, aseguradoras, t\u00e9cnicos, proveedores, peritos, gestores y desguaces, incluso en su ausencia f\u00edsica.<\/li>\n\n\n\n<li class=\"has-medium-font-size\"><b>Configuraci\u00f3n personalizada:<\/b> Ofrece la posibilidad de configurarse de forma aut\u00f3noma, adapt\u00e1ndose a las necesidades operativas espec\u00edficas.<\/li>\n\n\n\n<li class=\"has-medium-font-size\"><b>Adaptabilidad al tama\u00f1o de la empresa:<\/b> Se adapta tanto a grandes empresas como a empresas unipersonales, ofreciendo soluciones escalables y flexibles.<\/li>\n\n\n\n<li class=\"has-medium-font-size\"><b>Innovaci\u00f3n para los profesionales de la PDR:<\/b> Proporciona herramientas avanzadas para la gesti\u00f3n eficaz del trabajo de los t\u00e9cnicos de retirada de da\u00f1os por granizo.<\/li>\n\n\n\n<li class=\"has-medium-font-size\"><b>Gesti\u00f3n internacional de flotas:<\/b> Facilita la administraci\u00f3n de flotas de veh\u00edculos en distintos pa\u00edses, reduciendo los costes de gesti\u00f3n y los desplazamientos.<\/li>\n\n\n\n<li class=\"has-medium-font-size\"><b>Personalizaci\u00f3n y versatilidad:<\/b> Ofrece la posibilidad de implementar parrillas de trabajo personalizadas y variables espec\u00edficas para cada tipo de intervenci\u00f3n, adapt\u00e1ndose a las necesidades concretas de la empresa.<\/li>\n\n\n\n<p><\/p>\n\n\n\n<p class=\"has-medium-font-size\">PDR-TEC destaca por su capacidad de adaptaci\u00f3n a empresas de distintos tama\u00f1os y su interfaz intuitiva, que simplifica la gesti\u00f3n de las operaciones diarias de PDR. Para obtener m\u00e1s informaci\u00f3n o solicitar una prueba gratuita de la demo, p\u00f3ngase en contacto con la empresa en <b>info@sleekpdr.ca<\/b><\/p>\n\n\n\n<hr class=\"wp-block-separator has-alpha-channel-opacity\"\/>\n\n\n\n<h2 class=\"wp-block-heading alignwide has-text-align-left has-very-light-gray-to-cyan-bluish-gray-gradient-background has-background has-medium-font-size\" id=\"we-re-a-studio-in-berlin-with-an-international-practice-in-architecture-urban-planning-and-interior-design-we-believe-in-sharing-knowledge-and-promoting-dialogue-to-increase-the-creative-potential-of-collaboration\" style=\"line-height:1.1\"><mark style=\"background-color:rgba(0, 0, 0, 0);color:#851313\" class=\"has-inline-color\">Por qu\u00e9 merece la pena Pdr-Tec?<\/mark><\/h2>\n\n\n\n<figure class=\"wp-block-image size-large\"><img loading=\"lazy\" decoding=\"async\" width=\"1024\" height=\"258\" src=\"https:\/\/sleekpdr.ca\/wp-content\/uploads\/2025\/02\/banner2-1024x258.png\" alt=\"\" class=\"wp-image-882\" srcset=\"https:\/\/sleekpdr.ca\/wp-content\/uploads\/2025\/02\/banner2-1024x258.png 1024w, https:\/\/sleekpdr.ca\/wp-content\/uploads\/2025\/02\/banner2-300x76.png 300w, https:\/\/sleekpdr.ca\/wp-content\/uploads\/2025\/02\/banner2-768x194.png 768w, https:\/\/sleekpdr.ca\/wp-content\/uploads\/2025\/02\/banner2-500x126.png 500w, https:\/\/sleekpdr.ca\/wp-content\/uploads\/2025\/02\/banner2.png 1173w\" sizes=\"auto, (max-width: 1024px) 100vw, 1024px\" \/><\/figure>\n\n\n\n<p class=\"has-medium-font-size\">PDR-TEC es una aplicaci\u00f3n web basada en la nube dise\u00f1ada para optimizar la gesti\u00f3n de operaciones en el negocio de las reparaciones sin pintura (PDR). Ofrece numerosas ventajas que pueden transformar la forma en que gestiona su negocio.<\/p>\n\n\n\n<p class=\"has-medium-font-size\" style=\"font-style:normal;font-weight:600\">Por qu\u00e9 elegir PDR-TEC?<\/p>\n\n\n\n<li class=\"has-medium-font-size\"><b>Actualizaciones en tiempo real y acceso remoto:<\/b> Al estar basado en la nube, PDR-TEC garantiza actualizaciones instant\u00e1neas y acceso desde cualquier lugar, lo que le permite supervisar y gestionar las operaciones en tiempo real.<\/li>\n\n\n\n<li class=\"has-medium-font-size\"><b>Gesti\u00f3n simplificada del flujo de trabajo:<\/b> La aplicaci\u00f3n facilita la gesti\u00f3n de los flujos de trabajo, reduciendo la necesidad de comunicaci\u00f3n frecuente entre la sede central y los t\u00e9cnicos. Los t\u00e9cnicos pueden ver en tiempo real los detalles del veh\u00edculo, incluidas las estimaciones previas y los da\u00f1os, lo que reduce los errores y aumenta la eficiencia.<\/li>\n\n\n\n<li class=\"has-medium-font-size\"><b>Reducir los costes de explotaci\u00f3n:<\/b> Al eliminar la necesidad de secretarias y contables in situ, PDR-TEC ayuda a reducir los costes operativos. Adem\u00e1s, la gesti\u00f3n centralizada de datos y procesos ahorra tiempo y recursos.<\/li>\n\n\n\n<li class=\"has-medium-font-size\"><b>Personalizaci\u00f3n y versatilidad:<\/b> PDR-TEC es altamente personalizable, adapt\u00e1ndose a las necesidades espec\u00edficas de su empresa. Ofrece la posibilidad de implementar parrillas de trabajo personalizadas y variables espec\u00edficas para cada tipo de intervenci\u00f3n.<\/li>\n\n\n\n<li class=\"has-medium-font-size\"><b>Gesti\u00f3n internacional simplificada:<\/b> Si su empresa opera a nivel internacional, PDR-TEC facilita la gesti\u00f3n de flotas en distintos pa\u00edses, permiti\u00e9ndole emitir facturas en distintas divisas y supervisar las operaciones desde una \u00fanica plataforma.<\/li>\n\n\n\n<li class=\"has-medium-font-size\"><b>Actualizaciones y mantenimiento incluidos:<\/b> PDR-TEC ofrece actualizaciones y mantenimiento incluidos en el precio, lo que garantiza que la aplicaci\u00f3n est\u00e9 siempre actualizada y sea funcional sin coste adicional.<\/li>\n\n\n\n<p><\/p>\n\n\n\n<p class=\"has-medium-font-size\">En resumen, PDR-TEC es una soluci\u00f3n completa y rentable para las empresas del sector de la RDP, que ofrece herramientas avanzadas para la gesti\u00f3n eficaz de las operaciones cotidianas. Para obtener m\u00e1s informaci\u00f3n o solicitar una prueba gratuita de la demo, p\u00f3ngase en contacto con la empresa en <b>info@sleekpdr.ca<\/b><\/p>\n\n\n\n<hr class=\"wp-block-separator has-alpha-channel-opacity\"\/>\n\n\n\n<h2 class=\"wp-block-heading alignwide has-text-align-left has-very-light-gray-to-cyan-bluish-gray-gradient-background has-background has-medium-font-size\" id=\"we-re-a-studio-in-berlin-with-an-international-practice-in-architecture-urban-planning-and-interior-design-we-believe-in-sharing-knowledge-and-promoting-dialogue-to-increase-the-creative-potential-of-collaboration\" style=\"line-height:1.1\"><mark style=\"background-color:rgba(0, 0, 0, 0);color:#851313\" class=\"has-inline-color\">Paquetes PDR-TEC<\/mark><\/h2>\n\n\n\n<figure class=\"wp-block-image size-large\"><img loading=\"lazy\" decoding=\"async\" width=\"1024\" height=\"258\" src=\"https:\/\/sleekpdr.ca\/wp-content\/uploads\/2025\/02\/banner3-1-1024x258.png\" alt=\"\" class=\"wp-image-937\" srcset=\"https:\/\/sleekpdr.ca\/wp-content\/uploads\/2025\/02\/banner3-1-1024x258.png 1024w, https:\/\/sleekpdr.ca\/wp-content\/uploads\/2025\/02\/banner3-1-300x76.png 300w, https:\/\/sleekpdr.ca\/wp-content\/uploads\/2025\/02\/banner3-1-768x194.png 768w, https:\/\/sleekpdr.ca\/wp-content\/uploads\/2025\/02\/banner3-1-500x126.png 500w, https:\/\/sleekpdr.ca\/wp-content\/uploads\/2025\/02\/banner3-1.png 1173w\" sizes=\"auto, (max-width: 1024px) 100vw, 1024px\" \/><\/figure>\n\n\n\n<p class=\"has-medium-font-size\">Los paquetes ofrecidos por PDR-Tec en 2025 est\u00e1n dise\u00f1ados para satisfacer las distintas necesidades de las empresas del sector PDR.<\/p>\n\n\n\n<p class=\"has-medium-font-size\" style=\"font-style:normal;font-weight:600\">Los paquetes PDR-TEC:<\/p>\n\n\n\n<p class=\"has-medium-font-size\"><strong>Individual Light (1):<\/strong> Un paquete de servicios con dise\u00f1o de p\u00e1gina personalizado, incluido su propio logotipo. Permite crear clientes, proveedores, proyectos, presupuestos, reparaciones e impresiones, utilizando su propia cuadr\u00edcula.<\/p>\n\n\n\n<p class=\"has-medium-font-size\"><strong>Individual (1):<\/strong> Adecuado para empresarios individuales o para quienes trabajan con otras empresas. Incluye logotipo propio, configuraci\u00f3n, acceso a base de datos, presupuestos, reparaciones, informes y creaci\u00f3n de expedientes para clientes y proveedores.<\/p>\n\n\n\n<p class=\"has-medium-font-size\"><strong>Familiar (2):<\/strong> Basado en el paquete Individual, permite la gesti\u00f3n por dos administradores al mismo tiempo.<\/p>\n\n\n\n<p class=\"has-medium-font-size\"><strong>Familia ampliada (2+2):<\/strong> Ampliaci\u00f3n del paquete Familiar, incluye una interfaz t\u00e9cnica para gestionar las actividades de los t\u00e9cnicos. Permite la creaci\u00f3n de dos o m\u00e1s trabajadores t\u00e9cnicos (no administradores).<\/p>\n\n\n\n<p class=\"has-medium-font-size\"><strong>Paquete empresarial (4):<\/strong> Dirigido a equipos con cuatro administradores, ofrece adem\u00e1s de la funcionalidad del paquete b\u00e1sico.<\/p>\n\n\n\n<p class=\"has-medium-font-size\"><strong>Paquete ampliado para empresas (4+4):<\/strong> Una oferta que complementa la interfaz t\u00e9cnica del paquete empresarial est\u00e1ndar, que incluye 4 trabajadores t\u00e9cnicos.<\/p>\n\n\n\n<p class=\"has-medium-font-size\"><strong>Paquete personalizado:<\/strong> Dise\u00f1ado para empresas m\u00e1s estructuradas con necesidades espec\u00edficas y que requieren flexibilidad. Este paquete puede personalizarse a todos los niveles, desde la organizaci\u00f3n hasta la posproducci\u00f3n, con el personal que se desee.<\/p>\n\n\n\n<p class=\"has-medium-font-size\" style=\"font-style:italic;font-weight:500\">Es importante se\u00f1alar que todos los paquetes pueden incluir uno o m\u00e1s t\u00e9cnicos\/t\u00e9cnicos a petici\u00f3n (excluidos administradores, contables o gestores), incluso por tiempo limitado.<\/p>\n\n\n\n<hr class=\"wp-block-separator has-alpha-channel-opacity\"\/>\n\n\n\n<p class=\"has-medium-font-size\" style=\"font-style:normal;font-weight:500;text-decoration:underline\"><\/p>\n\n\n\n<h2 class=\"wp-block-heading has-medium-font-size\">SERVICIOS ADICIONALES<\/h2>\n\n\n\n<p class=\"has-medium-font-size\"><strong>Trabajo en cuadr\u00edcula<\/strong>: se cobrar\u00e1 una tasa \u00fanica por cada cuadr\u00edcula solicitada.<\/p>\n\n\n\n<p class=\"has-medium-font-size\"><strong>T\u00e9cnico Extra<\/strong>: es posible \u00abcontratar\u00bb a un t\u00e9cnico y \u00abcongelar\u00bb temporalmente su puesto previo aviso. El pago tambi\u00e9n puede realizarse a trav\u00e9s de PayPal. Si el t\u00e9cnico ya tiene su propia app PDR-Tec, cuesta 0,00 \u20ac.<\/p>\n\n\n\n<p class=\"has-medium-font-size\"><strong>Usuario profesional<\/strong>: Destinado a personas como reparadores de carrocer\u00edas, tasadores o aseguradores\/liquidadores, a los que se crea un perfil de acceso personalizado. Estos usuarios s\u00f3lo ver\u00e1n los campos que les interesen. Sus posiciones tambi\u00e9n pueden \u00abcongelarse\u00bb y pagarse mensualmente.<\/p>\n\n\n\n<p class=\"has-medium-font-size\" style=\"font-style:normal;font-weight:700\">M\u00f3dulos adicionales:<\/p>\n\n\n\n<ul class=\"wp-block-list\">\n<li class=\"has-medium-font-size\"><strong>Flujo de reclamaciones (del seguro) al coche gestionado<\/strong><\/li>\n\n\n\n<li class=\"has-medium-font-size\"><strong>Flujo de esc\u00e1neres<\/strong>: funci\u00f3n de interfaz del esc\u00e1ner, si lo permite el usuario del esc\u00e1ner.<\/li>\n\n\n\n<li class=\"has-medium-font-size\"><strong>Flujo de gesti\u00f3n de flotas o grandes parques<\/strong>: incluye la fluidez y la autogesti\u00f3n.<\/li>\n\n\n\n<li class=\"has-medium-font-size\"><strong>Geolocalizaci\u00f3n<\/strong><\/li>\n\n\n\n<li class=\"has-medium-font-size\"><strong>Informes gr\u00e1ficos detallados<\/strong><\/li>\n\n\n\n<li class=\"has-medium-font-size\"><strong>Lector de Targa<\/strong>: actualmente en fase de pruebas.<\/li>\n\n\n\n<li class=\"has-medium-font-size\"><strong>Facturaci\u00f3n electr\u00f3nica<\/strong><\/li>\n<\/ul>\n\n\n\n<p><\/p>\n","protected":false},"excerpt":{"rendered":"<p>Qu\u00e9 es Pdr-Tec? PDR-TEC es una aplicaci\u00f3n de gesti\u00f3n avanzada dise\u00f1ada para optimizar la gesti\u00f3n de las reparaciones de autom\u00f3viles da\u00f1ados por el granizo. Ofrece una serie de funcionalidades dise\u00f1adas para satisfacer las necesidades de distintos tipos de empresas, desde &hellip; <a href=\"https:\/\/sleekpdr.ca\/?page_id=971&#038;lang=es\">Continua a leggere<span class=\"meta-nav\">&rarr;<\/span><\/a><\/p>\n","protected":false},"author":3,"featured_media":0,"parent":0,"menu_order":0,"comment_status":"closed","ping_status":"closed","template":"","meta":{"footnotes":""},"class_list":["post-971","page","type-page","status-publish","hentry"],"_links":{"self":[{"href":"https:\/\/sleekpdr.ca\/index.php?rest_route=\/wp\/v2\/pages\/971","targetHints":{"allow":["GET"]}}],"collection":[{"href":"https:\/\/sleekpdr.ca\/index.php?rest_route=\/wp\/v2\/pages"}],"about":[{"href":"https:\/\/sleekpdr.ca\/index.php?rest_route=\/wp\/v2\/types\/page"}],"author":[{"embeddable":true,"href":"https:\/\/sleekpdr.ca\/index.php?rest_route=\/wp\/v2\/users\/3"}],"replies":[{"embeddable":true,"href":"https:\/\/sleekpdr.ca\/index.php?rest_route=%2Fwp%2Fv2%2Fcomments&post=971"}],"version-history":[{"count":8,"href":"https:\/\/sleekpdr.ca\/index.php?rest_route=\/wp\/v2\/pages\/971\/revisions"}],"predecessor-version":[{"id":1006,"href":"https:\/\/sleekpdr.ca\/index.php?rest_route=\/wp\/v2\/pages\/971\/revisions\/1006"}],"wp:attachment":[{"href":"https:\/\/sleekpdr.ca\/index.php?rest_route=%2Fwp%2Fv2%2Fmedia&parent=971"}],"curies":[{"name":"wp","href":"https:\/\/api.w.org\/{rel}","templated":true}]}}