{"id":984,"date":"2025-03-03T13:54:35","date_gmt":"2025-03-03T13:54:35","guid":{"rendered":"https:\/\/sleekpdr.ca\/?page_id=984"},"modified":"2025-03-03T21:11:57","modified_gmt":"2025-03-03T21:11:57","slug":"984-2","status":"publish","type":"page","link":"https:\/\/sleekpdr.ca\/?page_id=984&lang=fr","title":{"rendered":"PDR-TEC est un produit de SleekPDR"},"content":{"rendered":"\n<h2 class=\"wp-block-heading alignwide has-text-align-left has-very-light-gray-to-cyan-bluish-gray-gradient-background has-background has-medium-font-size\" id=\"we-re-a-studio-in-berlin-with-an-international-practice-in-architecture-urban-planning-and-interior-design-we-believe-in-sharing-knowledge-and-promoting-dialogue-to-increase-the-creative-potential-of-collaboration\" style=\"line-height:1.1\"><mark style=\"background-color:rgba(0, 0, 0, 0);color:#851313\" class=\"has-inline-color\">Qu&#8217;est-ce que Pdr-Tec ?<\/mark><\/h2>\n\n\n\n<figure class=\"wp-block-image size-large\"><img loading=\"lazy\" decoding=\"async\" width=\"1024\" height=\"258\" src=\"https:\/\/sleekpdr.ca\/wp-content\/uploads\/2024\/05\/banner-1024x258.png\" alt=\"\" class=\"wp-image-742\" srcset=\"https:\/\/sleekpdr.ca\/wp-content\/uploads\/2024\/05\/banner-1024x258.png 1024w, https:\/\/sleekpdr.ca\/wp-content\/uploads\/2024\/05\/banner-300x76.png 300w, https:\/\/sleekpdr.ca\/wp-content\/uploads\/2024\/05\/banner-768x194.png 768w, https:\/\/sleekpdr.ca\/wp-content\/uploads\/2024\/05\/banner-500x126.png 500w, https:\/\/sleekpdr.ca\/wp-content\/uploads\/2024\/05\/banner.png 1173w\" sizes=\"auto, (max-width: 1024px) 100vw, 1024px\" \/><\/figure>\n\n\n\n<p class=\"has-medium-font-size\">PDR-TEC est une application de gestion avanc\u00e9e con\u00e7ue pour optimiser la gestion des r\u00e9parations de v\u00e9hicules endommag\u00e9s par la gr\u00eale. Elle offre une gamme de fonctionnalit\u00e9s con\u00e7ues pour r\u00e9pondre aux besoins de diff\u00e9rents types d&#8217;entreprises, des grandes soci\u00e9t\u00e9s aux entreprises individuelles..<\/p>\n\n\n\n<p class=\"has-medium-font-size\" style=\"font-style:normal;font-weight:600\">Principales caract\u00e9ristiques de PDR-TEC:<\/p>\n\n\n\n<li class=\"has-medium-font-size\"><b>Multilingue et multidevise:<\/b> La prise en charge de plusieurs langues et devises facilite la gestion des transactions internationales.<\/li>\n\n\n\n<li class=\"has-medium-font-size\"><b>Gestion simultan\u00e9e de plusieurs acteurs:<\/b> Permet la coordination simultan\u00e9e de parcs automobiles, d&#8217;ateliers de carrosserie, de concessionnaires, de compagnies d&#8217;assurance, de techniciens, de fournisseurs, d&#8217;\u00e9valuateurs, de gestionnaires et de d\u00e9manteleurs, m\u00eame en leur absence physique.<\/li>\n\n\n\n<li class=\"has-medium-font-size\"><b>Configuration personnalis\u00e9e:<\/b> Offre la possibilit\u00e9 d&#8217;\u00eatre configur\u00e9 de mani\u00e8re autonome, en s&#8217;adaptant aux besoins op\u00e9rationnels sp\u00e9cifiques.<\/li>\n\n\n\n<li class=\"has-medium-font-size\"><b>Adaptabilit\u00e9 \u00e0 la taille de l&#8217;entreprise:<\/b> Adapt\u00e9 aux grandes entreprises comme aux entrepreneurs individuels, il offre des solutions \u00e9volutives et flexibles.<\/li>\n\n\n\n<li class=\"has-medium-font-size\"><b>Innovation pour les professionnels du PDR:<\/b> Fournit des outils avanc\u00e9s pour une gestion efficace du travail des techniciens charg\u00e9s de l&#8217;\u00e9limination des dommages caus\u00e9s par la gr\u00eale.<\/li>\n\n\n\n<li class=\"has-medium-font-size\"><b>Gestion de flotte internationale:<\/b> Facilite l&#8217;administration des flottes de v\u00e9hicules dans diff\u00e9rents pays, en r\u00e9duisant les co\u00fbts de gestion et les d\u00e9placements.<\/li>\n\n\n\n<li class=\"has-medium-font-size\"><b>Personnalisation et polyvalence:<\/b> Offre la possibilit\u00e9 de mettre en place des grilles de travail personnalis\u00e9es et des variables sp\u00e9cifiques pour chaque type d&#8217;intervention, en s&#8217;adaptant aux besoins sp\u00e9cifiques de l&#8217;entreprise.<\/li>\n\n\n\n<p><\/p>\n\n\n\n<p class=\"has-medium-font-size\">PDR-TEC se distingue par sa capacit\u00e9 \u00e0 s&#8217;adapter \u00e0 diff\u00e9rentes tailles d&#8217;entreprises et par son interface intuitive, qui simplifie la gestion des op\u00e9rations PDR au quotidien. Pour plus d&#8217;informations ou pour demander un essai gratuit de la d\u00e9mo, veuillez contacter l&#8217;entreprise \u00e0 l&#8217;adresse suivante email <b>info@sleekpdr.ca<\/b><\/p>\n\n\n\n<hr class=\"wp-block-separator has-alpha-channel-opacity\"\/>\n\n\n\n<h2 class=\"wp-block-heading alignwide has-text-align-left has-very-light-gray-to-cyan-bluish-gray-gradient-background has-background has-medium-font-size\" id=\"we-re-a-studio-in-berlin-with-an-international-practice-in-architecture-urban-planning-and-interior-design-we-believe-in-sharing-knowledge-and-promoting-dialogue-to-increase-the-creative-potential-of-collaboration\" style=\"line-height:1.1\"><mark style=\"background-color:rgba(0, 0, 0, 0);color:#851313\" class=\"has-inline-color\">Pourquoi Pdr-Tec en vaut-il la peine ?<\/mark><\/h2>\n\n\n\n<figure class=\"wp-block-image size-large\"><img loading=\"lazy\" decoding=\"async\" width=\"1024\" height=\"258\" src=\"https:\/\/sleekpdr.ca\/wp-content\/uploads\/2025\/02\/banner2-1024x258.png\" alt=\"\" class=\"wp-image-882\" srcset=\"https:\/\/sleekpdr.ca\/wp-content\/uploads\/2025\/02\/banner2-1024x258.png 1024w, https:\/\/sleekpdr.ca\/wp-content\/uploads\/2025\/02\/banner2-300x76.png 300w, https:\/\/sleekpdr.ca\/wp-content\/uploads\/2025\/02\/banner2-768x194.png 768w, https:\/\/sleekpdr.ca\/wp-content\/uploads\/2025\/02\/banner2-500x126.png 500w, https:\/\/sleekpdr.ca\/wp-content\/uploads\/2025\/02\/banner2.png 1173w\" sizes=\"auto, (max-width: 1024px) 100vw, 1024px\" \/><\/figure>\n\n\n\n<p class=\"has-medium-font-size\">PDR-TEC est une application web bas\u00e9e sur le cloud con\u00e7ue pour optimiser la gestion des op\u00e9rations dans le secteur de la r\u00e9paration sans peinture (PDR). Elle offre de nombreux avantages qui peuvent transformer la fa\u00e7on dont vous g\u00e9rez votre entreprise.<\/p>\n\n\n\n<p class=\"has-medium-font-size\" style=\"font-style:normal;font-weight:600\">Pourquoi choisir PDR-TEC?<\/p>\n\n\n\n<li class=\"has-medium-font-size\"><b>Mises \u00e0 jour en temps r\u00e9el et acc\u00e8s \u00e0 distance:<\/b> Bas\u00e9 sur le cloud, PDR-TEC garantit des mises \u00e0 jour instantan\u00e9es et un acc\u00e8s de n&#8217;importe o\u00f9, ce qui vous permet de surveiller et de g\u00e9rer les op\u00e9rations en temps r\u00e9el..<\/li>\n\n\n\n<li class=\"has-medium-font-size\"><b>Gestion simplifi\u00e9e du flux de travail:<\/b> L&#8217;application facilite la gestion des flux de travail, r\u00e9duisant ainsi la n\u00e9cessit\u00e9 d&#8217;une communication fr\u00e9quente entre le si\u00e8ge et les techniciens. Les techniciens peuvent consulter en temps r\u00e9el les d\u00e9tails du v\u00e9hicule, y compris les estimations pr\u00e9c\u00e9dentes et les dommages, ce qui r\u00e9duit les erreurs et augmente l&#8217;efficacit\u00e9.<\/li>\n\n\n\n<li class=\"has-medium-font-size\"><b>R\u00e9duire les co\u00fbts d&#8217;exploitation:<\/b> En \u00e9liminant le besoin de secr\u00e9taires et de comptables sur place, PDR-TEC contribue \u00e0 r\u00e9duire les co\u00fbts op\u00e9rationnels. En outre, la gestion centralis\u00e9e des donn\u00e9es et des processus permet de gagner du temps et d&#8217;\u00e9conomiser des ressources..<\/li>\n\n\n\n<li class=\"has-medium-font-size\"><b>Personnalisation et polyvalence:<\/b> PDR-TEC est hautement personnalisable et s&#8217;adapte aux besoins sp\u00e9cifiques de votre entreprise. Elle offre la possibilit\u00e9 de mettre en place des grilles de travail personnalis\u00e9es et des variables sp\u00e9cifiques pour chaque type d&#8217;intervention.<\/li>\n\n\n\n<li class=\"has-medium-font-size\"><b>Gestion internationale simplifi\u00e9e:<\/b> Si votre entreprise est active au niveau international, PDR-TEC facilite la gestion de votre flotte dans diff\u00e9rents pays, ce qui vous permet d&#8217;\u00e9mettre des factures dans diff\u00e9rentes devises et de contr\u00f4ler les op\u00e9rations \u00e0 partir d&#8217;une seule plateforme.<\/li>\n\n\n\n<li class=\"has-medium-font-size\"><b>Mises \u00e0 jour et maintenance incluses:<\/b> PDR-TEC propose des mises \u00e0 jour et une maintenance incluses dans le prix, ce qui garantit que l&#8217;application est toujours \u00e0 jour et fonctionnelle, sans co\u00fbt suppl\u00e9mentaire.<\/li>\n\n\n\n<p><\/p>\n\n\n\n<p class=\"has-medium-font-size\">En r\u00e9sum\u00e9, PDR-TEC est une solution compl\u00e8te et rentable pour les entreprises du secteur PDR, offrant des outils avanc\u00e9s pour la gestion efficace des op\u00e9rations quotidiennes. Pour plus d&#8217;informations ou pour demander un essai gratuit de la d\u00e9mo, veuillez contacter l&#8217;entreprise \u00e0 l&#8217;adresse suivante email <b>info@sleekpdr.ca<\/b><\/p>\n\n\n\n<hr class=\"wp-block-separator has-alpha-channel-opacity\"\/>\n\n\n\n<h2 class=\"wp-block-heading alignwide has-text-align-left has-very-light-gray-to-cyan-bluish-gray-gradient-background has-background has-medium-font-size\" id=\"we-re-a-studio-in-berlin-with-an-international-practice-in-architecture-urban-planning-and-interior-design-we-believe-in-sharing-knowledge-and-promoting-dialogue-to-increase-the-creative-potential-of-collaboration\" style=\"line-height:1.1\"><mark style=\"background-color:rgba(0, 0, 0, 0);color:#851313\" class=\"has-inline-color\"><mark style=\"background-color:rgba(0, 0, 0, 0);color:#851313\" class=\"has-inline-color\">Paquets PDR-TEC<\/mark><\/mark><\/h2>\n\n\n\n<figure class=\"wp-block-image size-large\"><img loading=\"lazy\" decoding=\"async\" width=\"1024\" height=\"258\" src=\"https:\/\/sleekpdr.ca\/wp-content\/uploads\/2025\/02\/banner3-1-1024x258.png\" alt=\"\" class=\"wp-image-937\" srcset=\"https:\/\/sleekpdr.ca\/wp-content\/uploads\/2025\/02\/banner3-1-1024x258.png 1024w, https:\/\/sleekpdr.ca\/wp-content\/uploads\/2025\/02\/banner3-1-300x76.png 300w, https:\/\/sleekpdr.ca\/wp-content\/uploads\/2025\/02\/banner3-1-768x194.png 768w, https:\/\/sleekpdr.ca\/wp-content\/uploads\/2025\/02\/banner3-1-500x126.png 500w, https:\/\/sleekpdr.ca\/wp-content\/uploads\/2025\/02\/banner3-1.png 1173w\" sizes=\"auto, (max-width: 1024px) 100vw, 1024px\" \/><\/figure>\n\n\n\n<p class=\"has-medium-font-size\">Les formules propos\u00e9es par PDR-Tec en 2025 sont con\u00e7ues pour r\u00e9pondre aux diff\u00e9rents besoins des entreprises du secteur PDR.<\/p>\n\n\n\n<p class=\"has-medium-font-size\" style=\"font-style:normal;font-weight:600\">Paquets PDR-TEC:<\/p>\n\n\n\n<p class=\"has-medium-font-size\"><strong>Individuel Light (1):<\/strong> Un ensemble de services avec des mises en page personnalis\u00e9es, y compris votre propre logo. Permet de cr\u00e9er des clients, des fournisseurs, des projets, des devis, des r\u00e9parations et des impressions, en utilisant votre propre grille.<\/p>\n\n\n\n<p class=\"has-medium-font-size\"><strong>Individuel (1):<\/strong> Convient aux entrepreneurs individuels ou \u00e0 ceux qui travaillent avec d&#8217;autres entreprises. Comprend le logo, la configuration, l&#8217;acc\u00e8s \u00e0 la base de donn\u00e9es, les devis, les r\u00e9parations, les rapports et la cr\u00e9ation de dossiers clients et fournisseurs.<\/p>\n\n\n\n<p class=\"has-medium-font-size\"><strong>Famille (2):<\/strong> Bas\u00e9 sur le paquet Individuel, il permet la gestion par deux administrateurs en m\u00eame temps.<\/p>\n\n\n\n<p class=\"has-medium-font-size\"><strong>Famille \u00e9largie (2+2):<\/strong> Extension du progiciel Familiar, il comprend une interface technique pour la gestion des activit\u00e9s des techniciens. Permet la cr\u00e9ation de deux ou plusieurs techniciens travailleurs (non-administrateurs)..<\/p>\n\n\n\n<p class=\"has-medium-font-size\"><strong>Paquet Business (4):<\/strong> Destin\u00e9 aux \u00e9quipes de quatre administrateurs travailleurs, il offre en plus des fonctionnalit\u00e9s du paquet de base.<\/p>\n\n\n\n<p class=\"has-medium-font-size\"><strong>Paquet Business \u00e9tendu (4+4):<\/strong> Une offre qui compl\u00e8te l&#8217;interface technique de l&#8217;offre commerciale standard, qui comprend 4 techniques pdr.<\/p>\n\n\n\n<p class=\"has-medium-font-size\"><strong>Paquet personnalis\u00e9:<\/strong> Con\u00e7u pour les entreprises plus structur\u00e9es ayant des besoins sp\u00e9cifiques et exigeant de la flexibilit\u00e9. Cette formule peut \u00eatre personnalis\u00e9e \u00e0 tous les niveaux, de l&#8217;organisation \u00e0 la post-production, avec le personnel souhait\u00e9.<\/p>\n\n\n\n<p class=\"has-medium-font-size\" style=\"font-style:italic;font-weight:500\">Il est important de noter que tous les forfaits peuvent inclure un ou plusieurs techniciens\/techniciennes sur demande (\u00e0 l&#8217;exclusion des administrateurs, des comptables ou des gestionnaires), m\u00eame pour une dur\u00e9e limit\u00e9e..<\/p>\n\n\n\n<hr class=\"wp-block-separator has-alpha-channel-opacity\"\/>\n\n\n\n<p class=\"has-medium-font-size\" style=\"font-style:normal;font-weight:500;text-decoration:underline\"><\/p>\n\n\n\n<h2 class=\"wp-block-heading has-medium-font-size\">SERVICES SUPPL\u00c9MENTAIRES<\/h2>\n\n\n\n<p class=\"has-medium-font-size\"><strong>Travail en grille<\/strong>: il y a une redevance unique par demande de grille.<\/p>\n\n\n\n<p class=\"has-medium-font-size\"><strong>Technicien suppl\u00e9mentaire<\/strong>: il est possible de \u00ab recruter \u00bb un technicien et de \u00ab geler \u00bb temporairement son poste moyennant un pr\u00e9avis. Le paiement peut \u00e9galement \u00eatre effectu\u00e9 via PayPal. Si le technicien dispose d\u00e9j\u00e0 de son propre acc\u00e8s \u00e0 la PDR-Tec le co\u00fbte sera 0,00 \u20ac.<\/p>\n\n\n\n<p class=\"has-medium-font-size\"><strong>Utilisateur professionnel<\/strong>: destin\u00e9 \u00e0 des personnes telles que les carrossiers, les expertises ou les assureurs\/liquidateurs, pour lesquelles un profil d&#8217;acc\u00e8s personnalis\u00e9 est cr\u00e9\u00e9. Ces utilisateurs ne verront que les champs qui les int\u00e9ressent. Leurs positions peuvent \u00e9galement \u00eatre \u00ab gel\u00e9es \u00bb et pay\u00e9es sur une base mensuelle..<\/p>\n\n\n\n<p class=\"has-medium-font-size\"><strong>Modules suppl\u00e9mentaires<\/strong>:<\/p>\n\n\n\n<ul class=\"wp-block-list\">\n<li class=\"has-medium-font-size\"><strong>Flux de r\u00e9clamations (de l&#8217;assurance) vers la voiture g\u00e9r\u00e9e<\/strong><\/li>\n\n\n\n<li class=\"has-medium-font-size\"><strong>Flux du scanner<\/strong>: la fonction d&#8217;interface du scanner, si elle est autoris\u00e9e par l&#8217;utilisateur du scanner.<\/li>\n\n\n\n<li class=\"has-medium-font-size\"><strong>Gestion du parc automobile Flux ou grands parcs<\/strong>: comprend le flux et l&#8217;autogestion.<\/li>\n\n\n\n<li class=\"has-medium-font-size\"><strong>G\u00e9olocalisation<\/strong><\/li>\n\n\n\n<li class=\"has-medium-font-size\"><strong>Rapports graphiques d\u00e9taill\u00e9s<\/strong><\/li>\n\n\n\n<li class=\"has-medium-font-size\"><strong>Lecteur Targa<\/strong>: actuellement en phase de test.<\/li>\n\n\n\n<li class=\"has-medium-font-size\"><strong>Facturation \u00e9lectronique<\/strong><\/li>\n<\/ul>\n\n\n\n<p><\/p>\n","protected":false},"excerpt":{"rendered":"<p>Qu&#8217;est-ce que Pdr-Tec ? PDR-TEC est une application de gestion avanc\u00e9e con\u00e7ue pour optimiser la gestion des r\u00e9parations de v\u00e9hicules endommag\u00e9s par la gr\u00eale. Elle offre une gamme de fonctionnalit\u00e9s con\u00e7ues pour r\u00e9pondre aux besoins de diff\u00e9rents types d&#8217;entreprises, des &hellip; <a href=\"https:\/\/sleekpdr.ca\/?page_id=984&#038;lang=fr\">Continua a leggere<span class=\"meta-nav\">&rarr;<\/span><\/a><\/p>\n","protected":false},"author":3,"featured_media":0,"parent":0,"menu_order":0,"comment_status":"closed","ping_status":"closed","template":"","meta":{"footnotes":""},"class_list":["post-984","page","type-page","status-publish","hentry"],"_links":{"self":[{"href":"https:\/\/sleekpdr.ca\/index.php?rest_route=\/wp\/v2\/pages\/984","targetHints":{"allow":["GET"]}}],"collection":[{"href":"https:\/\/sleekpdr.ca\/index.php?rest_route=\/wp\/v2\/pages"}],"about":[{"href":"https:\/\/sleekpdr.ca\/index.php?rest_route=\/wp\/v2\/types\/page"}],"author":[{"embeddable":true,"href":"https:\/\/sleekpdr.ca\/index.php?rest_route=\/wp\/v2\/users\/3"}],"replies":[{"embeddable":true,"href":"https:\/\/sleekpdr.ca\/index.php?rest_route=%2Fwp%2Fv2%2Fcomments&post=984"}],"version-history":[{"count":10,"href":"https:\/\/sleekpdr.ca\/index.php?rest_route=\/wp\/v2\/pages\/984\/revisions"}],"predecessor-version":[{"id":1001,"href":"https:\/\/sleekpdr.ca\/index.php?rest_route=\/wp\/v2\/pages\/984\/revisions\/1001"}],"wp:attachment":[{"href":"https:\/\/sleekpdr.ca\/index.php?rest_route=%2Fwp%2Fv2%2Fmedia&parent=984"}],"curies":[{"name":"wp","href":"https:\/\/api.w.org\/{rel}","templated":true}]}}